{"id":142,"date":"2023-01-15T17:00:10","date_gmt":"2023-01-15T16:00:10","guid":{"rendered":"https:\/\/gau-neu-ulm.de\/de\/wp2\/?page_id=142"},"modified":"2023-07-06T18:25:32","modified_gmt":"2023-07-06T16:25:32","slug":"storch","status":"publish","type":"page","link":"https:\/\/gau-neu-ulm.de\/de\/wp2\/projekte-und-massnahmen\/artenschutz\/storch\/","title":{"rendered":"St\u00f6rche"},"content":{"rendered":"<p><div class=\"fusion-fullwidth fullwidth-box fusion-builder-row-1 fusion-flex-container has-pattern-background has-mask-background fusion-parallax-none nonhundred-percent-fullwidth non-hundred-percent-height-scrolling\" style=\"--link_hover_color: var(--awb-color5);--link_color: var(--awb-color5);--awb-background-position:right top;--awb-border-color:var(--awb-color1);--awb-border-radius-top-left:0px;--awb-border-radius-top-right:0px;--awb-border-radius-bottom-right:0px;--awb-border-radius-bottom-left:0px;--awb-padding-top:150px;--awb-padding-right:30px;--awb-padding-bottom:150px;--awb-padding-left:30px;--awb-padding-top-medium:80px;--awb-padding-bottom-medium:80px;--awb-padding-top-small:60px;--awb-padding-right-small:40px;--awb-padding-bottom-small:60px;--awb-padding-left-small:40px;--awb-margin-top:0px;--awb-margin-bottom:0px;--awb-margin-bottom-medium:0px;--awb-margin-bottom-small:0px;--awb-background-color:var(--awb-color8);--awb-background-image:linear-gradient(96deg, hsla(var(--awb-color8-h),var(--awb-color8-s),var(--awb-color8-l),calc(var(--awb-color8-a) - 80%)) 0%,hsla(var(--awb-color8-h),var(--awb-color8-s),var(--awb-color8-l),calc(var(--awb-color8-a) - 100%)) 86%),url(https:\/\/gau-neu-ulm.de\/de\/wp2\/wp-content\/uploads\/DSC_8379-1-scaled-e1686309502738-1-e1686309702451.jpg);;--awb-background-size:cover;--awb-flex-wrap:wrap;\" ><div class=\"awb-background-mask\" style=\"background-image:  url(data:image\/svg+xml;utf8,%3Csvg%20width%3D%221920%22%20height%3D%22954%22%20fill%3D%22none%22%20xmlns%3D%22http%3A%2F%2Fwww.w3.org%2F2000%2Fsvg%22%3E%3Cg%20clip-path%3D%22url%28%23prefix__clip0_75_23031%29%22%20fill%3D%22rgba%283%2C64%2C1%2C1%29%22%3E%3Cpath%20d%3D%22M1321.57%20538C1357.08%20287.516%201273.7%2089.91%201127-.418L1374.18-6c65.77%20100.68-15.89%20431.512-52.61%20544zM312%20955c432.242%200%20746.77-180.667%20850-271-90.34%20157.09-176.766%20246.121-208.688%20271H312z%22%20fill%3D%22rgba%283%2C64%2C1%2C1%29%22%20fill-opacity%3D%22.25%22%2F%3E%3Cpath%20d%3D%22M1344.5%20427c0-252.4-212.67-390.833-319-428.5H1373c70%2082.4%2010.17%20320-28.5%20428.5z%22%20fill%3D%22rgba%283%2C64%2C1%2C1%29%22%20fill-opacity%3D%22.1%22%2F%3E%3Cpath%20fill-rule%3D%22evenodd%22%20clip-rule%3D%22evenodd%22%20d%3D%22M839.644%20954C1138.37%20793.549%201337%20508.902%201337%20184.5c0-63.218-7.54-124.926-21.9-184.5H1920v954H839.644zm0%200C676.842%201041.44%20484.311%201092%20278%201092c-584.87%200-1059-406.302-1059-907.5S-306.87-723%20278-723c511.098%200%20937.63%20310.269%201037.1%20723H0v954h839.644z%22%20fill%3D%22rgba%283%2C64%2C1%2C1%29%22%20fill-opacity%3D%22.5%22%2F%3E%3Cpath%20fill-rule%3D%22evenodd%22%20clip-rule%3D%22evenodd%22%20d%3D%22M1011.55%20954C1221.42%20793.95%201353%20564.007%201353%20308.5c0-108.584-23.76-212.552-67.2-308.5H1920v954h-908.45zm0%200c-187.291%20142.83-436.933%20230-711.05%20230C-280.78%201184-752%20792.025-752%20308.5S-280.78-567%20300.5-567c450.743%200%20835.31%20235.692%20985.3%20567H0v954h1011.55z%22%2F%3E%3C%2Fg%3E%3Cdefs%3E%3CclipPath%20id%3D%22prefix__clip0_75_23031%22%3E%3Cpath%20fill%3D%22%23fff%22%20d%3D%22M0%200h1920v954H0z%22%2F%3E%3C%2FclipPath%3E%3C%2Fdefs%3E%3C%2Fsvg%3E);opacity: 1 ;transform: scale(-1, -1);\"><\/div><div class=\"fusion-builder-row fusion-row fusion-flex-align-items-center fusion-flex-content-wrap\" style=\"max-width:1248px;margin-left: calc(-4% \/ 2 );margin-right: calc(-4% \/ 2 );\"><div class=\"fusion-layout-column fusion_builder_column fusion-builder-column-0 fusion_builder_column_3_5 3_5 fusion-flex-column fusion-flex-align-self-center fusion-animated\" style=\"--awb-padding-left:30px;--awb-padding-bottom-medium:0px;--awb-padding-left-small:0px;--awb-bg-size:cover;--awb-width-large:60%;--awb-margin-top-large:0px;--awb-spacing-right-large:3.2%;--awb-margin-bottom-large:0px;--awb-spacing-left-large:0px;--awb-width-medium:66.666666666667%;--awb-order-medium:0;--awb-spacing-right-medium:2.88%;--awb-spacing-left-medium:20px;--awb-width-small:66.666666666667%;--awb-order-small:0;--awb-spacing-right-small:2.88%;--awb-spacing-left-small:0%;\" data-animationType=\"fadeInRight\" data-animationDuration=\"1.3\" data-animationOffset=\"top-into-view\"><div class=\"fusion-column-wrapper fusion-column-has-shadow fusion-flex-justify-content-center fusion-content-layout-column\"><div class=\"fusion-title title fusion-title-1 fusion-no-small-visibility fusion-sep-none fusion-title-text fusion-title-size-one\" style=\"--awb-text-color:var(--awb-color1);--awb-margin-bottom:30px;--awb-font-size:56px;\"><h1 class=\"fusion-title-heading title-heading-left fusion-responsive-typography-calculated\" style=\"margin:0;font-size:1em;--fontSize:56;line-height:1.2;\">St\u00f6rche<\/h1><\/div><div class=\"fusion-title title fusion-title-2 fusion-no-medium-visibility fusion-no-large-visibility fusion-sep-none fusion-title-text fusion-title-size-one\" style=\"--awb-text-color:var(--awb-color1);--awb-margin-bottom:30px;--awb-font-size:40px;\"><h1 class=\"fusion-title-heading title-heading-left fusion-responsive-typography-calculated\" style=\"font-family:var(--awb-typography1-font-family);font-weight:var(--awb-typography1-font-weight);font-style:var(--awb-typography1-font-style);margin:0;letter-spacing:var(--awb-typography1-letter-spacing);text-transform:var(--awb-typography1-text-transform);font-size:1em;--fontSize:40;line-height:var(--awb-typography1-line-height);\">St\u00f6rche<u><\/u><\/h1><\/div><\/div><\/div><\/div><\/div><div class=\"fusion-fullwidth fullwidth-box fusion-builder-row-2 fusion-flex-container has-pattern-background has-mask-background nonhundred-percent-fullwidth non-hundred-percent-height-scrolling\" style=\"--awb-border-radius-top-left:0px;--awb-border-radius-top-right:0px;--awb-border-radius-bottom-right:0px;--awb-border-radius-bottom-left:0px;--awb-flex-wrap:wrap;\" ><div class=\"fusion-builder-row fusion-row fusion-flex-align-items-flex-start fusion-flex-content-wrap\" style=\"max-width:1248px;margin-left: calc(-4% \/ 2 );margin-right: calc(-4% \/ 2 );\"><div class=\"fusion-layout-column fusion_builder_column fusion-builder-column-1 fusion_builder_column_1_1 1_1 fusion-flex-column fusion-flex-align-self-center\" style=\"--awb-bg-size:cover;--awb-width-large:100%;--awb-margin-top-large:20px;--awb-spacing-right-large:1.92%;--awb-margin-bottom-large:60px;--awb-spacing-left-large:1.92%;--awb-width-medium:100%;--awb-order-medium:0;--awb-spacing-right-medium:1.92%;--awb-spacing-left-medium:1.92%;--awb-width-small:100%;--awb-order-small:0;--awb-spacing-right-small:1.92%;--awb-spacing-left-small:1.92%;\"><div class=\"fusion-column-wrapper fusion-column-has-shadow fusion-flex-justify-content-center fusion-content-layout-column\"><nav class=\"fusion-breadcrumbs fusion-breadcrumbs-1\" style=\"--awb-breadcrumb-sep:&#039;&gt;&#039;;\" aria-label=\"Breadcrumb\"><ol class=\"awb-breadcrumb-list\"><li class=\"fusion-breadcrumb-item awb-breadcrumb-sep awb-home\" ><a href=\"https:\/\/gau-neu-ulm.de\/de\/wp2\" class=\"fusion-breadcrumb-link\"><span >Home<\/span><\/a><\/li><\/ol><\/nav><\/div><\/div><\/div><\/div><div class=\"fusion-fullwidth fullwidth-box fusion-builder-row-3 fusion-flex-container has-pattern-background has-mask-background nonhundred-percent-fullwidth non-hundred-percent-height-scrolling\" style=\"--awb-border-radius-top-left:0px;--awb-border-radius-top-right:0px;--awb-border-radius-bottom-right:0px;--awb-border-radius-bottom-left:0px;--awb-flex-wrap:wrap;\" ><div class=\"fusion-builder-row fusion-row fusion-flex-align-items-flex-start fusion-flex-content-wrap\" style=\"max-width:1248px;margin-left: calc(-4% \/ 2 );margin-right: calc(-4% \/ 2 );\"><div class=\"fusion-layout-column fusion_builder_column fusion-builder-column-2 fusion_builder_column_1_2 1_2 fusion-flex-column\" style=\"--awb-bg-size:cover;--awb-width-large:50%;--awb-margin-top-large:0px;--awb-spacing-right-large:3.84%;--awb-margin-bottom-large:20px;--awb-spacing-left-large:3.84%;--awb-width-medium:50%;--awb-order-medium:0;--awb-spacing-right-medium:3.84%;--awb-spacing-left-medium:3.84%;--awb-width-small:100%;--awb-order-small:0;--awb-spacing-right-small:1.92%;--awb-spacing-left-small:1.92%;\"><div class=\"fusion-column-wrapper fusion-column-has-shadow fusion-flex-justify-content-flex-start fusion-content-layout-column\"><div class=\"fusion-image-element \" style=\"--awb-caption-title-font-family:var(--h2_typography-font-family);--awb-caption-title-font-weight:var(--h2_typography-font-weight);--awb-caption-title-font-style:var(--h2_typography-font-style);--awb-caption-title-size:var(--h2_typography-font-size);--awb-caption-title-transform:var(--h2_typography-text-transform);--awb-caption-title-line-height:var(--h2_typography-line-height);--awb-caption-title-letter-spacing:var(--h2_typography-letter-spacing);\"><span class=\" fusion-imageframe imageframe-none imageframe-1 hover-type-none\" style=\"border-radius:10px;\"><img decoding=\"async\" width=\"1200\" height=\"675\" alt=\"Installation Stochnest Finningen\" title=\"Installation Stochnest Finningen\" src=\"https:\/\/gau-neu-ulm.de\/de\/wp2\/wp-content\/uploads\/P1030941-2-scaled-e1686310256334.jpg\" class=\"img-responsive wp-image-1942\" srcset=\"https:\/\/gau-neu-ulm.de\/de\/wp2\/wp-content\/uploads\/P1030941-2-scaled-e1686310256334-200x113.jpg 200w, https:\/\/gau-neu-ulm.de\/de\/wp2\/wp-content\/uploads\/P1030941-2-scaled-e1686310256334-400x225.jpg 400w, https:\/\/gau-neu-ulm.de\/de\/wp2\/wp-content\/uploads\/P1030941-2-scaled-e1686310256334-600x338.jpg 600w, https:\/\/gau-neu-ulm.de\/de\/wp2\/wp-content\/uploads\/P1030941-2-scaled-e1686310256334-800x450.jpg 800w, https:\/\/gau-neu-ulm.de\/de\/wp2\/wp-content\/uploads\/P1030941-2-scaled-e1686310256334.jpg 1200w\" sizes=\"(max-width: 640px) 100vw, 600px\" \/><\/span><\/div><\/div><\/div><div class=\"fusion-layout-column fusion_builder_column fusion-builder-column-3 fusion_builder_column_1_2 1_2 fusion-flex-column\" style=\"--awb-bg-size:cover;--awb-width-large:50%;--awb-margin-top-large:0px;--awb-spacing-right-large:3.84%;--awb-margin-bottom-large:20px;--awb-spacing-left-large:3.84%;--awb-width-medium:50%;--awb-order-medium:0;--awb-spacing-right-medium:3.84%;--awb-spacing-left-medium:3.84%;--awb-width-small:100%;--awb-order-small:0;--awb-spacing-right-small:1.92%;--awb-spacing-left-small:1.92%;\"><div class=\"fusion-column-wrapper fusion-column-has-shadow fusion-flex-justify-content-flex-start fusion-content-layout-column\"><div class=\"fusion-text fusion-text-1\"><p>2004 baute unser Verein eine Storchennisthilfe auf das Kirchendach der katholischen Kirche St. Mammas in Finningen: Jahrelang wurde dieses Nest nur sporadisch von St\u00f6rchen genutzt &#8211; zu einer Brut kam es nicht. 2017 wurde das Nest wegen anstehender Renovierungsarbeiten an der Kirche auf das nebenstehende Pfarrhaus mit besonderer Unterst\u00fctzung der Werksfeuerwehr von IVECO gesetzt. Seit 2020 ist dieses Nest von einem Storchenpaar  besetzt, welches regelm\u00e4\u00dfig erfolgreich Nachwuchs aufzieht.<\/p>\n<\/div><\/div><\/div><\/div><\/div><div class=\"fusion-fullwidth fullwidth-box fusion-builder-row-4 fusion-flex-container has-pattern-background has-mask-background fusion-parallax-fixed hundred-percent-fullwidth non-hundred-percent-height-scrolling\" style=\"--awb-border-radius-top-left:0px;--awb-border-radius-top-right:0px;--awb-border-radius-bottom-right:0px;--awb-border-radius-bottom-left:0px;--awb-margin-top:50px;--awb-margin-bottom:50px;--awb-min-height:400px;--awb-background-image:url(&quot;https:\/\/gau-neu-ulm.de\/de\/wp2\/wp-content\/uploads\/DSC_8459-scaled-e1686309815542-1.jpg&quot;);--awb-background-size:cover;--awb-flex-wrap:wrap;background-attachment:fixed;\" ><div class=\"fusion-builder-row fusion-row fusion-flex-align-items-flex-start fusion-flex-content-wrap\" style=\"width:104% !important;max-width:104% !important;margin-left: calc(-4% \/ 2 );margin-right: calc(-4% \/ 2 );\"><\/div><\/div><div class=\"fusion-fullwidth fullwidth-box fusion-builder-row-5 fusion-flex-container has-pattern-background has-mask-background nonhundred-percent-fullwidth non-hundred-percent-height-scrolling\" style=\"--awb-border-radius-top-left:0px;--awb-border-radius-top-right:0px;--awb-border-radius-bottom-right:0px;--awb-border-radius-bottom-left:0px;--awb-flex-wrap:wrap;\" ><div class=\"fusion-builder-row fusion-row fusion-flex-align-items-flex-start fusion-flex-content-wrap\" style=\"max-width:1248px;margin-left: calc(-4% \/ 2 );margin-right: calc(-4% \/ 2 );\"><div class=\"fusion-layout-column fusion_builder_column fusion-builder-column-4 fusion_builder_column_1_2 1_2 fusion-flex-column\" style=\"--awb-bg-size:cover;--awb-width-large:50%;--awb-margin-top-large:0px;--awb-spacing-right-large:3.84%;--awb-margin-bottom-large:20px;--awb-spacing-left-large:3.84%;--awb-width-medium:50%;--awb-order-medium:0;--awb-spacing-right-medium:3.84%;--awb-spacing-left-medium:3.84%;--awb-width-small:100%;--awb-order-small:0;--awb-spacing-right-small:1.92%;--awb-spacing-left-small:1.92%;\"><div class=\"fusion-column-wrapper fusion-column-has-shadow fusion-flex-justify-content-flex-start fusion-content-layout-column\"><div class=\"fusion-text fusion-text-2\"><p>2018 wurde in den Biotopen der Illerschleife eine weitere Storchennisthilfe errichtet. Auf einem 10 Meter hohen aufgestellten Holzstamm wurde eine Nistplattform aufgeschraubt.<\/p>\n<p>2023 wurde die Nisthilfe von einem Storchenpaar erstmalig zur Brut genutzt. Leider hat die  ausgebrochene Gefl\u00fcgelpest einen Brutstorch befallen, der kurze Zeit sp\u00e4ter verendete. Die Brut wurde nach wenigen Tagen vom verbliebenen Storch aufgegeben.<\/p>\n<\/div><\/div><\/div><div class=\"fusion-layout-column fusion_builder_column fusion-builder-column-5 fusion_builder_column_1_2 1_2 fusion-flex-column\" style=\"--awb-bg-size:cover;--awb-width-large:50%;--awb-margin-top-large:0px;--awb-spacing-right-large:3.84%;--awb-margin-bottom-large:20px;--awb-spacing-left-large:3.84%;--awb-width-medium:50%;--awb-order-medium:0;--awb-spacing-right-medium:3.84%;--awb-spacing-left-medium:3.84%;--awb-width-small:100%;--awb-order-small:0;--awb-spacing-right-small:1.92%;--awb-spacing-left-small:1.92%;\"><div class=\"fusion-column-wrapper fusion-column-has-shadow fusion-flex-justify-content-flex-start fusion-content-layout-column\"><div class=\"fusion-image-element \" style=\"--awb-caption-title-font-family:var(--h2_typography-font-family);--awb-caption-title-font-weight:var(--h2_typography-font-weight);--awb-caption-title-font-style:var(--h2_typography-font-style);--awb-caption-title-size:var(--h2_typography-font-size);--awb-caption-title-transform:var(--h2_typography-text-transform);--awb-caption-title-line-height:var(--h2_typography-line-height);--awb-caption-title-letter-spacing:var(--h2_typography-letter-spacing);\"><span class=\" fusion-imageframe imageframe-none imageframe-2 hover-type-none\" style=\"border-radius:10px;\"><img decoding=\"async\" width=\"1200\" height=\"675\" alt=\"Aufbau Storchnest Illerschleife\" title=\"Aufbau Storchnest Illerschleife\" src=\"https:\/\/gau-neu-ulm.de\/de\/wp2\/wp-content\/uploads\/vlcsnap-2023-01-16-16h57m36s270-e1686310268761.png\" class=\"img-responsive wp-image-1943\" srcset=\"https:\/\/gau-neu-ulm.de\/de\/wp2\/wp-content\/uploads\/vlcsnap-2023-01-16-16h57m36s270-e1686310268761-200x113.png 200w, https:\/\/gau-neu-ulm.de\/de\/wp2\/wp-content\/uploads\/vlcsnap-2023-01-16-16h57m36s270-e1686310268761-400x225.png 400w, https:\/\/gau-neu-ulm.de\/de\/wp2\/wp-content\/uploads\/vlcsnap-2023-01-16-16h57m36s270-e1686310268761-600x338.png 600w, https:\/\/gau-neu-ulm.de\/de\/wp2\/wp-content\/uploads\/vlcsnap-2023-01-16-16h57m36s270-e1686310268761-800x450.png 800w, https:\/\/gau-neu-ulm.de\/de\/wp2\/wp-content\/uploads\/vlcsnap-2023-01-16-16h57m36s270-e1686310268761.png 1200w\" sizes=\"(max-width: 640px) 100vw, 600px\" \/><\/span><\/div><\/div><\/div><\/div><\/div><div class=\"fusion-fullwidth fullwidth-box fusion-builder-row-6 fusion-flex-container has-pattern-background has-mask-background nonhundred-percent-fullwidth non-hundred-percent-height-scrolling\" style=\"--awb-border-radius-top-left:0px;--awb-border-radius-top-right:0px;--awb-border-radius-bottom-right:0px;--awb-border-radius-bottom-left:0px;--awb-margin-top:30px;--awb-flex-wrap:wrap;\" ><div class=\"fusion-builder-row fusion-row fusion-flex-align-items-flex-start fusion-flex-content-wrap\" style=\"max-width:1248px;margin-left: calc(-4% \/ 2 );margin-right: calc(-4% \/ 2 );\"><div class=\"fusion-layout-column fusion_builder_column fusion-builder-column-6 fusion_builder_column_1_1 1_1 fusion-flex-column\" style=\"--awb-bg-size:cover;--awb-width-large:100%;--awb-margin-top-large:30px;--awb-spacing-right-large:1.92%;--awb-margin-bottom-large:20px;--awb-spacing-left-large:1.92%;--awb-width-medium:100%;--awb-order-medium:0;--awb-spacing-right-medium:1.92%;--awb-spacing-left-medium:1.92%;--awb-width-small:100%;--awb-order-small:0;--awb-spacing-right-small:1.92%;--awb-spacing-left-small:1.92%;\"><div class=\"fusion-column-wrapper fusion-column-has-shadow fusion-flex-justify-content-flex-start fusion-content-layout-column\"><div class=\"awb-gallery-wrapper awb-gallery-wrapper-1 button-span-no\" style=\"--more-btn-alignment:center;\"><div style=\"margin:-5px;--awb-aspect-ratio:16 \/ 9;--awb-bordersize:0px;--awb-border-radius:10px;\" class=\"fusion-gallery fusion-gallery-container fusion-grid-3 fusion-columns-total-6 fusion-gallery-layout-grid fusion-gallery-1 has-aspect-ratio\"><div style=\"padding:5px;\" class=\"fusion-grid-column fusion-gallery-column fusion-gallery-column-3 hover-type-none\"><div class=\"fusion-gallery-image\"><a href=\"https:\/\/gau-neu-ulm.de\/de\/wp2\/wp-content\/uploads\/DSC_0825-scaled-e1686310539912.jpg\" rel=\"noreferrer\" data-rel=\"iLightbox[gallery_image_1]\" class=\"fusion-lightbox\" target=\"_self\"><img decoding=\"async\" src=\"https:\/\/gau-neu-ulm.de\/de\/wp2\/wp-content\/uploads\/DSC_0825-scaled-e1686310539912.jpg\" width=\"1200\" height=\"675\" alt=\"Storchpaar\" title=\"Storchpaar\" aria-label=\"Storchpaar\" class=\"img-responsive wp-image-1948\" srcset=\"https:\/\/gau-neu-ulm.de\/de\/wp2\/wp-content\/uploads\/DSC_0825-scaled-e1686310539912-200x113.jpg 200w, https:\/\/gau-neu-ulm.de\/de\/wp2\/wp-content\/uploads\/DSC_0825-scaled-e1686310539912-400x225.jpg 400w, https:\/\/gau-neu-ulm.de\/de\/wp2\/wp-content\/uploads\/DSC_0825-scaled-e1686310539912-600x338.jpg 600w, https:\/\/gau-neu-ulm.de\/de\/wp2\/wp-content\/uploads\/DSC_0825-scaled-e1686310539912-800x450.jpg 800w, https:\/\/gau-neu-ulm.de\/de\/wp2\/wp-content\/uploads\/DSC_0825-scaled-e1686310539912.jpg 1200w\" sizes=\"(min-width: 2200px) 100vw, (min-width: 784px) 397px, (min-width: 712px) 595px, (min-width: 640px) 712px, \" \/><\/a><\/div><\/div><div style=\"padding:5px;\" class=\"fusion-grid-column fusion-gallery-column fusion-gallery-column-3 hover-type-none\"><div class=\"fusion-gallery-image\"><a href=\"https:\/\/gau-neu-ulm.de\/de\/wp2\/wp-content\/uploads\/20180427_124309-scaled-e1686310566363.jpg\" rel=\"noreferrer\" data-rel=\"iLightbox[gallery_image_1]\" class=\"fusion-lightbox\" target=\"_self\"><img decoding=\"async\" src=\"https:\/\/gau-neu-ulm.de\/de\/wp2\/wp-content\/uploads\/20180427_124309-scaled-e1686310566363.jpg\" width=\"1200\" height=\"675\" alt=\"Montage des Nestes auf Mast\" title=\"Montage des Nestes auf Mast\" aria-label=\"Montage des Nestes auf Mast\" class=\"img-responsive wp-image-1947\" srcset=\"https:\/\/gau-neu-ulm.de\/de\/wp2\/wp-content\/uploads\/20180427_124309-scaled-e1686310566363-200x113.jpg 200w, https:\/\/gau-neu-ulm.de\/de\/wp2\/wp-content\/uploads\/20180427_124309-scaled-e1686310566363-400x225.jpg 400w, https:\/\/gau-neu-ulm.de\/de\/wp2\/wp-content\/uploads\/20180427_124309-scaled-e1686310566363-600x338.jpg 600w, https:\/\/gau-neu-ulm.de\/de\/wp2\/wp-content\/uploads\/20180427_124309-scaled-e1686310566363-800x450.jpg 800w, https:\/\/gau-neu-ulm.de\/de\/wp2\/wp-content\/uploads\/20180427_124309-scaled-e1686310566363.jpg 1200w\" sizes=\"(min-width: 2200px) 100vw, (min-width: 784px) 397px, (min-width: 712px) 595px, (min-width: 640px) 712px, \" \/><\/a><\/div><\/div><div style=\"padding:5px;\" class=\"fusion-grid-column fusion-gallery-column fusion-gallery-column-3 hover-type-none\"><div class=\"fusion-gallery-image\"><a href=\"https:\/\/gau-neu-ulm.de\/de\/wp2\/wp-content\/uploads\/DSCN4928-scaled-e1686310479911.jpg\" rel=\"noreferrer\" data-rel=\"iLightbox[gallery_image_1]\" class=\"fusion-lightbox\" target=\"_self\"><img decoding=\"async\" src=\"https:\/\/gau-neu-ulm.de\/de\/wp2\/wp-content\/uploads\/DSCN4928-scaled-e1686310479911.jpg\" width=\"1200\" height=\"675\" alt=\"St\u00f6rche auf Totholz\" title=\"St\u00f6rche auf Totholz\" aria-label=\"St\u00f6rche auf Totholz\" class=\"img-responsive wp-image-1951\" srcset=\"https:\/\/gau-neu-ulm.de\/de\/wp2\/wp-content\/uploads\/DSCN4928-scaled-e1686310479911-200x113.jpg 200w, https:\/\/gau-neu-ulm.de\/de\/wp2\/wp-content\/uploads\/DSCN4928-scaled-e1686310479911-400x225.jpg 400w, https:\/\/gau-neu-ulm.de\/de\/wp2\/wp-content\/uploads\/DSCN4928-scaled-e1686310479911-600x338.jpg 600w, https:\/\/gau-neu-ulm.de\/de\/wp2\/wp-content\/uploads\/DSCN4928-scaled-e1686310479911-800x450.jpg 800w, https:\/\/gau-neu-ulm.de\/de\/wp2\/wp-content\/uploads\/DSCN4928-scaled-e1686310479911.jpg 1200w\" sizes=\"(min-width: 2200px) 100vw, (min-width: 784px) 397px, (min-width: 712px) 595px, (min-width: 640px) 712px, \" \/><\/a><\/div><\/div><div class=\"clearfix\"><\/div><div style=\"padding:5px;\" class=\"fusion-grid-column fusion-gallery-column fusion-gallery-column-3 hover-type-none\"><div class=\"fusion-gallery-image\"><a href=\"https:\/\/gau-neu-ulm.de\/de\/wp2\/wp-content\/uploads\/P1030773-scaled-e1686310557381.jpg\" rel=\"noreferrer\" data-rel=\"iLightbox[gallery_image_1]\" class=\"fusion-lightbox\" target=\"_self\"><img decoding=\"async\" src=\"https:\/\/gau-neu-ulm.de\/de\/wp2\/wp-content\/uploads\/P1030773-scaled-e1686310557381.jpg\" width=\"1200\" height=\"675\" alt=\"Flechten des Nestes\" title=\"Flechten des Nestes\" aria-label=\"Flechten des Nestes\" class=\"img-responsive wp-image-1952\" srcset=\"https:\/\/gau-neu-ulm.de\/de\/wp2\/wp-content\/uploads\/P1030773-scaled-e1686310557381-200x113.jpg 200w, https:\/\/gau-neu-ulm.de\/de\/wp2\/wp-content\/uploads\/P1030773-scaled-e1686310557381-400x225.jpg 400w, https:\/\/gau-neu-ulm.de\/de\/wp2\/wp-content\/uploads\/P1030773-scaled-e1686310557381-600x338.jpg 600w, https:\/\/gau-neu-ulm.de\/de\/wp2\/wp-content\/uploads\/P1030773-scaled-e1686310557381-800x450.jpg 800w, https:\/\/gau-neu-ulm.de\/de\/wp2\/wp-content\/uploads\/P1030773-scaled-e1686310557381.jpg 1200w\" sizes=\"(min-width: 2200px) 100vw, (min-width: 784px) 397px, (min-width: 712px) 595px, (min-width: 640px) 712px, \" \/><\/a><\/div><\/div><div style=\"padding:5px;\" class=\"fusion-grid-column fusion-gallery-column fusion-gallery-column-3 hover-type-none\"><div class=\"fusion-gallery-image\"><a href=\"https:\/\/gau-neu-ulm.de\/de\/wp2\/wp-content\/uploads\/DSC_8790-scaled-e1686310519386.jpg\" rel=\"noreferrer\" data-rel=\"iLightbox[gallery_image_1]\" class=\"fusion-lightbox\" target=\"_self\"><img decoding=\"async\" src=\"https:\/\/gau-neu-ulm.de\/de\/wp2\/wp-content\/uploads\/DSC_8790-scaled-e1686310519386.jpg\" width=\"1199\" height=\"676\" alt=\"Storch auf Kamin\" title=\"Storch auf Kamin\" aria-label=\"Storch auf Kamin\" class=\"img-responsive wp-image-1949\" srcset=\"https:\/\/gau-neu-ulm.de\/de\/wp2\/wp-content\/uploads\/DSC_8790-scaled-e1686310519386-200x113.jpg 200w, https:\/\/gau-neu-ulm.de\/de\/wp2\/wp-content\/uploads\/DSC_8790-scaled-e1686310519386-400x226.jpg 400w, https:\/\/gau-neu-ulm.de\/de\/wp2\/wp-content\/uploads\/DSC_8790-scaled-e1686310519386-600x338.jpg 600w, https:\/\/gau-neu-ulm.de\/de\/wp2\/wp-content\/uploads\/DSC_8790-scaled-e1686310519386-800x451.jpg 800w, https:\/\/gau-neu-ulm.de\/de\/wp2\/wp-content\/uploads\/DSC_8790-scaled-e1686310519386.jpg 1199w\" sizes=\"(min-width: 2200px) 100vw, (min-width: 784px) 397px, (min-width: 712px) 595px, (min-width: 640px) 712px, \" \/><\/a><\/div><\/div><div style=\"padding:5px;\" class=\"fusion-grid-column fusion-gallery-column fusion-gallery-column-3 hover-type-none\"><div class=\"fusion-gallery-image\"><a href=\"https:\/\/gau-neu-ulm.de\/de\/wp2\/wp-content\/uploads\/DSC_9071-scaled-e1686310589542.jpg\" rel=\"noreferrer\" data-rel=\"iLightbox[gallery_image_1]\" class=\"fusion-lightbox\" target=\"_self\"><img decoding=\"async\" src=\"https:\/\/gau-neu-ulm.de\/de\/wp2\/wp-content\/uploads\/DSC_9071-scaled-e1686310589542.jpg\" width=\"1200\" height=\"675\" alt=\"Storch mit Jungtier in Finningen\" title=\"Storch mit Jungtier in Finningen\" aria-label=\"Storch mit Jungtier in Finningen\" class=\"img-responsive wp-image-1950\" srcset=\"https:\/\/gau-neu-ulm.de\/de\/wp2\/wp-content\/uploads\/DSC_9071-scaled-e1686310589542-200x113.jpg 200w, https:\/\/gau-neu-ulm.de\/de\/wp2\/wp-content\/uploads\/DSC_9071-scaled-e1686310589542-400x225.jpg 400w, https:\/\/gau-neu-ulm.de\/de\/wp2\/wp-content\/uploads\/DSC_9071-scaled-e1686310589542-600x338.jpg 600w, https:\/\/gau-neu-ulm.de\/de\/wp2\/wp-content\/uploads\/DSC_9071-scaled-e1686310589542-800x450.jpg 800w, https:\/\/gau-neu-ulm.de\/de\/wp2\/wp-content\/uploads\/DSC_9071-scaled-e1686310589542.jpg 1200w\" sizes=\"(min-width: 2200px) 100vw, (min-width: 784px) 397px, (min-width: 712px) 595px, (min-width: 640px) 712px, \" \/><\/a><\/div><\/div><div class=\"clearfix\"><\/div><\/div><\/div><\/div><\/div><\/div><\/div><\/p>\n","protected":false},"excerpt":{"rendered":"","protected":false},"author":2,"featured_media":0,"parent":126,"menu_order":0,"comment_status":"closed","ping_status":"closed","template":"100-width.php","meta":{"footnotes":""},"class_list":["post-142","page","type-page","status-publish","hentry"],"_links":{"self":[{"href":"https:\/\/gau-neu-ulm.de\/de\/wp2\/wp-json\/wp\/v2\/pages\/142","targetHints":{"allow":["GET"]}}],"collection":[{"href":"https:\/\/gau-neu-ulm.de\/de\/wp2\/wp-json\/wp\/v2\/pages"}],"about":[{"href":"https:\/\/gau-neu-ulm.de\/de\/wp2\/wp-json\/wp\/v2\/types\/page"}],"author":[{"embeddable":true,"href":"https:\/\/gau-neu-ulm.de\/de\/wp2\/wp-json\/wp\/v2\/users\/2"}],"replies":[{"embeddable":true,"href":"https:\/\/gau-neu-ulm.de\/de\/wp2\/wp-json\/wp\/v2\/comments?post=142"}],"version-history":[{"count":10,"href":"https:\/\/gau-neu-ulm.de\/de\/wp2\/wp-json\/wp\/v2\/pages\/142\/revisions"}],"predecessor-version":[{"id":2151,"href":"https:\/\/gau-neu-ulm.de\/de\/wp2\/wp-json\/wp\/v2\/pages\/142\/revisions\/2151"}],"up":[{"embeddable":true,"href":"https:\/\/gau-neu-ulm.de\/de\/wp2\/wp-json\/wp\/v2\/pages\/126"}],"wp:attachment":[{"href":"https:\/\/gau-neu-ulm.de\/de\/wp2\/wp-json\/wp\/v2\/media?parent=142"}],"curies":[{"name":"wp","href":"https:\/\/api.w.org\/{rel}","templated":true}]}}